{"id":118,"date":"2020-05-09T10:25:13","date_gmt":"2020-05-09T08:25:13","guid":{"rendered":"https:\/\/1k-fahrschule.de\/?page_id=118"},"modified":"2022-04-07T13:18:16","modified_gmt":"2022-04-07T11:18:16","slug":"impressum","status":"publish","type":"page","link":"https:\/\/1k-fahrschule.de\/?page_id=118","title":{"rendered":"Impressum"},"content":{"rendered":"\n<h2 class=\"wp-block-heading\">Angaben gem\u00e4\u00df \u00a7 5 TMG<\/h2>\n\n\n\n<p>Markus Kowal<br>Winkhauser Stra\u00dfe 23a<br>58509 L\u00fcdenscheid<\/p>\n\n\n\n<h2 class=\"wp-block-heading\">Kontakt<\/h2>\n\n\n\n<p>Telefon: 0151 22 666 222<br>E-Mail: info@1k-fahrschule.de<\/p>\n\n\n\n<h2 class=\"wp-block-heading\">Umsatzsteuer-ID<\/h2>\n\n\n\n<p>Umsatzsteuer-Identifikationsnummer gem\u00e4\u00df \u00a7 27 a Umsatzsteuergesetz:<br>DE265643761<\/p>\n\n\n\n<h2 class=\"wp-block-heading\">Aufsichtsbeh\u00f6rde<\/h2>\n\n\n\n<p>Stra\u00dfenverkehrsamt L\u00fcdenscheid<br>Heedfelder Stra\u00dfe 45<br>58509 L\u00fcdenscheid<\/p>\n\n\n\n<p><a href=\"https:\/\/www.strassenverkehrsamt.de\/lokal\/maerkischer-kreis-landkreis\/kfz-zulassungsstelle\/strassenverkehrsamt-luedenscheid\">https:\/\/www.strassenverkehrsamt.de\/lokal\/maerkischer-kreis-landkreis\/kfz-zulassungsstelle\/strassenverkehrsamt-luedenscheid<\/a><\/p>\n\n\n\n<h2 class=\"wp-block-heading\">EU-Streitschlichtung<\/h2>\n\n\n\n<p>Die Europ\u00e4ische Kommission stellt eine Plattform zur Online-Streitbeilegung (OS) bereit: <a href=\"https:\/\/ec.europa.eu\/consumers\/odr\/\" target=\"_blank\" rel=\"noreferrer noopener\">https:\/\/ec.europa.eu\/consumers\/odr\/<\/a>.<br>Unsere E-Mail-Adresse finden Sie oben im Impressum.<\/p>\n\n\n\n<h2 class=\"wp-block-heading\">Verbraucher\u00adstreit\u00adbeilegung\/Universal\u00adschlichtungs\u00adstelle<\/h2>\n\n\n\n<p>Wir sind nicht bereit oder verpflichtet, an Streitbeilegungsverfahren vor einer Verbraucherschlichtungsstelle teilzunehmen.<\/p>\n","protected":false},"excerpt":{"rendered":"<p>Angaben gem\u00e4\u00df \u00a7 5 TMG Markus KowalWinkhauser Stra\u00dfe 23a58509 L\u00fcdenscheid Kontakt Telefon: 0151 22 666 222E-Mail: info@1k-fahrschule.de Umsatzsteuer-ID Umsatzsteuer-Identifikationsnummer gem\u00e4\u00df \u00a7 27 a Umsatzsteuergesetz:DE265643761 Aufsichtsbeh\u00f6rde Stra\u00dfenverkehrsamt L\u00fcdenscheidHeedfelder Stra\u00dfe 4558509 L\u00fcdenscheid https:\/\/www.strassenverkehrsamt.de\/lokal\/maerkischer-kreis-landkreis\/kfz-zulassungsstelle\/strassenverkehrsamt-luedenscheid EU-Streitschlichtung Die Europ\u00e4ische Kommission stellt eine Plattform zur Online-Streitbeilegung (OS) bereit: https:\/\/ec.europa.eu\/consumers\/odr\/.Unsere E-Mail-Adresse finden Sie oben im Impressum. Verbraucher\u00adstreit\u00adbeilegung\/Universal\u00adschlichtungs\u00adstelle Wir sind nicht bereit oder [&hellip;]<\/p>\n","protected":false},"author":2,"featured_media":0,"parent":0,"menu_order":0,"comment_status":"closed","ping_status":"closed","template":"","meta":{"zakra_sidebar_layout":"customizer","zakra_remove_content_margin":false,"zakra_sidebar":"customizer","zakra_transparent_header":"customizer","zakra_logo":0,"zakra_main_header_style":"default","zakra_menu_item_color":"","zakra_menu_item_hover_color":"","zakra_menu_item_active_color":"","zakra_menu_active_style":"","zakra_page_header":true,"footnotes":""},"class_list":["post-118","page","type-page","status-publish","hentry"],"_links":{"self":[{"href":"https:\/\/1k-fahrschule.de\/index.php?rest_route=\/wp\/v2\/pages\/118","targetHints":{"allow":["GET"]}}],"collection":[{"href":"https:\/\/1k-fahrschule.de\/index.php?rest_route=\/wp\/v2\/pages"}],"about":[{"href":"https:\/\/1k-fahrschule.de\/index.php?rest_route=\/wp\/v2\/types\/page"}],"author":[{"embeddable":true,"href":"https:\/\/1k-fahrschule.de\/index.php?rest_route=\/wp\/v2\/users\/2"}],"replies":[{"embeddable":true,"href":"https:\/\/1k-fahrschule.de\/index.php?rest_route=%2Fwp%2Fv2%2Fcomments&post=118"}],"version-history":[{"count":4,"href":"https:\/\/1k-fahrschule.de\/index.php?rest_route=\/wp\/v2\/pages\/118\/revisions"}],"predecessor-version":[{"id":359,"href":"https:\/\/1k-fahrschule.de\/index.php?rest_route=\/wp\/v2\/pages\/118\/revisions\/359"}],"wp:attachment":[{"href":"https:\/\/1k-fahrschule.de\/index.php?rest_route=%2Fwp%2Fv2%2Fmedia&parent=118"}],"curies":[{"name":"wp","href":"https:\/\/api.w.org\/{rel}","templated":true}]}}